{"id":512,"date":"2023-10-21T17:52:54","date_gmt":"2023-10-21T17:52:54","guid":{"rendered":"https:\/\/www.taivalvaaraskiresort.fi\/?page_id=512"},"modified":"2024-10-16T07:38:34","modified_gmt":"2024-10-16T05:38:34","slug":"tietosuojaseloste","status":"publish","type":"page","link":"https:\/\/www.taivalvaaraskiresort.fi\/en\/tietosuojaseloste\/","title":{"rendered":"Privacy policy"},"content":{"rendered":"<div data-elementor-type=\"wp-page\" data-elementor-id=\"512\" class=\"elementor elementor-512\" data-elementor-post-type=\"page\">\n\t\t\t\t<div class=\"elementor-element elementor-element-6a8ed09 e-flex e-con-boxed e-con e-parent\" data-id=\"6a8ed09\" data-element_type=\"container\" data-e-type=\"container\" data-settings=\"{&quot;background_background&quot;:&quot;classic&quot;}\">\n\t\t\t\t\t<div class=\"e-con-inner\">\n\t\t\t\t<div class=\"elementor-element elementor-element-7f78ac9 elementor-widget elementor-widget-heading\" data-id=\"7f78ac9\" data-element_type=\"widget\" data-e-type=\"widget\" data-widget_type=\"heading.default\">\n\t\t\t\t<div class=\"elementor-widget-container\">\n\t\t\t\t\t<h2 class=\"elementor-heading-title elementor-size-default\">Privacy policy<\/h2>\t\t\t\t<\/div>\n\t\t\t\t<\/div>\n\t\t\t\t<div class=\"elementor-element elementor-element-73579d8 elementor-widget elementor-widget-text-editor\" data-id=\"73579d8\" data-element_type=\"widget\" data-e-type=\"widget\" data-widget_type=\"text-editor.default\">\n\t\t\t\t<div class=\"elementor-widget-container\">\n\t\t\t\t\t\t\t\t\t<p class=\"p1\">This is MCS Finland Oy's customer registry and data protection statement in accordance with the General Data Protection Regulation (GDPR).<\/p>\t\t\t\t\t\t\t\t<\/div>\n\t\t\t\t<\/div>\n\t\t\t\t<div class=\"elementor-element elementor-element-09be7d0 elementor-widget elementor-widget-heading\" data-id=\"09be7d0\" data-element_type=\"widget\" data-e-type=\"widget\" data-widget_type=\"heading.default\">\n\t\t\t\t<div class=\"elementor-widget-container\">\n\t\t\t\t\t<h6 class=\"elementor-heading-title elementor-size-default\">1. Keeper of Registry<\/h6>\t\t\t\t<\/div>\n\t\t\t\t<\/div>\n\t\t\t\t<div class=\"elementor-element elementor-element-4d8f742 elementor-widget elementor-widget-text-editor\" data-id=\"4d8f742\" data-element_type=\"widget\" data-e-type=\"widget\" data-widget_type=\"text-editor.default\">\n\t\t\t\t<div class=\"elementor-widget-container\">\n\t\t\t\t\t\t\t\t\t<p class=\"p1\">MCS Finland Oy <br>Business ID: 3384618-4<br>Hiihtokeskuksentie 2, 93400 Taivalkoski<br>+358 <span aria-label=\"Soita numeroon 044 7509309\">44 750 9309<\/span><br>info@taivalvaaraskiresort.fi<\/p>\t\t\t\t\t\t\t\t<\/div>\n\t\t\t\t<\/div>\n\t\t\t\t<div class=\"elementor-element elementor-element-7fafd39 elementor-widget elementor-widget-heading\" data-id=\"7fafd39\" data-element_type=\"widget\" data-e-type=\"widget\" data-widget_type=\"heading.default\">\n\t\t\t\t<div class=\"elementor-widget-container\">\n\t\t\t\t\t<h6 class=\"elementor-heading-title elementor-size-default\">2. Contact Person for Matters Concering the Registry<\/h6>\t\t\t\t<\/div>\n\t\t\t\t<\/div>\n\t\t\t\t<div class=\"elementor-element elementor-element-5d61df5 elementor-widget elementor-widget-text-editor\" data-id=\"5d61df5\" data-element_type=\"widget\" data-e-type=\"widget\" data-widget_type=\"text-editor.default\">\n\t\t\t\t<div class=\"elementor-widget-container\">\n\t\t\t\t\t\t\t\t\t<p>Carita Shemeikka<br>Hiihtokeskuksentie 2, 93400 Taivalkoski<br>+358 <span aria-label=\"Soita numeroon 044 7509309\">44 750 9309<\/span><br>carita.shemeikka@taivalvaaraskiresorti.fi<\/p>\t\t\t\t\t\t\t\t<\/div>\n\t\t\t\t<\/div>\n\t\t\t\t<div class=\"elementor-element elementor-element-3dbec8e elementor-widget elementor-widget-heading\" data-id=\"3dbec8e\" data-element_type=\"widget\" data-e-type=\"widget\" data-widget_type=\"heading.default\">\n\t\t\t\t<div class=\"elementor-widget-container\">\n\t\t\t\t\t<h6 class=\"elementor-heading-title elementor-size-default\">3. Name of Registry<\/h6>\t\t\t\t<\/div>\n\t\t\t\t<\/div>\n\t\t\t\t<div class=\"elementor-element elementor-element-ca24ca6 elementor-widget elementor-widget-text-editor\" data-id=\"ca24ca6\" data-element_type=\"widget\" data-e-type=\"widget\" data-widget_type=\"text-editor.default\">\n\t\t\t\t<div class=\"elementor-widget-container\">\n\t\t\t\t\t\t\t\t\t<p class=\"p1\">MCS Finland oy asiakasrekisteri<\/p>\t\t\t\t\t\t\t\t<\/div>\n\t\t\t\t<\/div>\n\t\t\t\t<div class=\"elementor-element elementor-element-c85fd5a elementor-widget elementor-widget-heading\" data-id=\"c85fd5a\" data-element_type=\"widget\" data-e-type=\"widget\" data-widget_type=\"heading.default\">\n\t\t\t\t<div class=\"elementor-widget-container\">\n\t\t\t\t\t<h6 class=\"elementor-heading-title elementor-size-default\">4. Purpose of use of the registry<\/h6>\t\t\t\t<\/div>\n\t\t\t\t<\/div>\n\t\t\t\t<div class=\"elementor-element elementor-element-c2ab4f4 elementor-widget elementor-widget-text-editor\" data-id=\"c2ab4f4\" data-element_type=\"widget\" data-e-type=\"widget\" data-widget_type=\"text-editor.default\">\n\t\t\t\t<div class=\"elementor-widget-container\">\n\t\t\t\t\t\t\t\t\t<p class=\"p1\">The purpose of the customer registry is to develop and improve the service of Taivalvaara Ski Resort's regular customers. Customer data is processed to manage, develop and maintain the customer relationship. Personal data stored in the customer registry can be used as permitted by legislation for marketing, information, service and marketing targeting, as well as the profiling required by it, managing contacts and other similar purposes.<\/p>\t\t\t\t\t\t\t\t<\/div>\n\t\t\t\t<\/div>\n\t\t\t\t<div class=\"elementor-element elementor-element-8c50c4c elementor-widget elementor-widget-heading\" data-id=\"8c50c4c\" data-element_type=\"widget\" data-e-type=\"widget\" data-widget_type=\"heading.default\">\n\t\t\t\t<div class=\"elementor-widget-container\">\n\t\t\t\t\t<h6 class=\"elementor-heading-title elementor-size-default\">5. Data content of the registry<\/h6>\t\t\t\t<\/div>\n\t\t\t\t<\/div>\n\t\t\t\t<div class=\"elementor-element elementor-element-f6ee812 elementor-widget elementor-widget-text-editor\" data-id=\"f6ee812\" data-element_type=\"widget\" data-e-type=\"widget\" data-widget_type=\"text-editor.default\">\n\t\t\t\t<div class=\"elementor-widget-container\">\n\t\t\t\t\t\t\t\t\t<p class=\"p1\">The customer registry stores the information provided by the customer himself, and in addition, the registry may contain information accumulated in the operations of the controller, such as the customer's order and service usage data. IP address, browser type, visit times on the site, login time and logout time are recorded from the user's visits to the site.<\/p>\t\t\t\t\t\t\t\t<\/div>\n\t\t\t\t<\/div>\n\t\t\t\t<div class=\"elementor-element elementor-element-a52a748 elementor-widget elementor-widget-heading\" data-id=\"a52a748\" data-element_type=\"widget\" data-e-type=\"widget\" data-widget_type=\"heading.default\">\n\t\t\t\t<div class=\"elementor-widget-container\">\n\t\t\t\t\t<h6 class=\"elementor-heading-title elementor-size-default\">6. Regular Sources of Personal Data<\/h6>\t\t\t\t<\/div>\n\t\t\t\t<\/div>\n\t\t\t\t<div class=\"elementor-element elementor-element-7c53e79 elementor-widget elementor-widget-text-editor\" data-id=\"7c53e79\" data-element_type=\"widget\" data-e-type=\"widget\" data-widget_type=\"text-editor.default\">\n\t\t\t\t<div class=\"elementor-widget-container\">\n\t\t\t\t\t\t\t\t\t<p class=\"p1\">The information of one-time customers is obtained from customers in connection with the purchase and payment transaction and delivery. Information is stored in the registry when users register, update their own information, rate products or leave feedback.<\/p>\t\t\t\t\t\t\t\t<\/div>\n\t\t\t\t<\/div>\n\t\t\t\t<div class=\"elementor-element elementor-element-682e709 elementor-widget elementor-widget-heading\" data-id=\"682e709\" data-element_type=\"widget\" data-e-type=\"widget\" data-widget_type=\"heading.default\">\n\t\t\t\t<div class=\"elementor-widget-container\">\n\t\t\t\t\t<h6 class=\"elementor-heading-title elementor-size-default\">7. Children and minors<\/h6>\t\t\t\t<\/div>\n\t\t\t\t<\/div>\n\t\t\t\t<div class=\"elementor-element elementor-element-0995b55 elementor-widget elementor-widget-text-editor\" data-id=\"0995b55\" data-element_type=\"widget\" data-e-type=\"widget\" data-widget_type=\"text-editor.default\">\n\t\t\t\t<div class=\"elementor-widget-container\">\n\t\t\t\t\t\t\t\t\t<p class=\"p1\">Children under the age of 15 may not register as users of the service without the written consent of their guardian.<\/p>\t\t\t\t\t\t\t\t<\/div>\n\t\t\t\t<\/div>\n\t\t\t\t<div class=\"elementor-element elementor-element-8a863e6 elementor-widget elementor-widget-heading\" data-id=\"8a863e6\" data-element_type=\"widget\" data-e-type=\"widget\" data-widget_type=\"heading.default\">\n\t\t\t\t<div class=\"elementor-widget-container\">\n\t\t\t\t\t<h6 class=\"elementor-heading-title elementor-size-default\">8. Cookies and remarketing<\/h6>\t\t\t\t<\/div>\n\t\t\t\t<\/div>\n\t\t\t\t<div class=\"elementor-element elementor-element-180cc8f elementor-widget elementor-widget-text-editor\" data-id=\"180cc8f\" data-element_type=\"widget\" data-e-type=\"widget\" data-widget_type=\"text-editor.default\">\n\t\t\t\t<div class=\"elementor-widget-container\">\n\t\t\t\t\t\t\t\t\t<p class=\"p1\">We use cookies on our site. A cookie is a small text file that the internet browser saves on the user's device. Our site's cookies do not damage users' devices or files. The primary purpose of cookies is to improve the visitor's user experience on the site, to analyze and improve the site's functionality and content. The information collected with the help of cookies can be used in MCS Finland Oy's marketing targeting and optimization of marketing measures.<\/p><p class=\"p2\"><span class=\"s1\">More information about cookies on the website of the Finnish Communications Regulatory Authority. <a href=\"https:\/\/www.kyberturvallisuuskeskus.fi\/fi\/toimintamme\/saantely-ja-valvonta\/evasteet\">https:\/\/www.kyberturvallisuuskeskus.fi\/fi\/toimintamme\/saantely-ja-valvonta\/evasteet.html<\/a><\/span><\/p><p class=\"p1\">MCS Finland Oy uses third-party remarketing cookies that contain user data collected by Google AdWords, Google Analytics and Meta. Which means we can show ads elsewhere on the internet based on the user's browser cookies. We use the information provided by cookies to develop our advertising and user experience on the site.<\/p>\t\t\t\t\t\t\t\t<\/div>\n\t\t\t\t<\/div>\n\t\t\t\t<div class=\"elementor-element elementor-element-2f389ae elementor-widget elementor-widget-heading\" data-id=\"2f389ae\" data-element_type=\"widget\" data-e-type=\"widget\" data-widget_type=\"heading.default\">\n\t\t\t\t<div class=\"elementor-widget-container\">\n\t\t\t\t\t<h6 class=\"elementor-heading-title elementor-size-default\">9. Disclosure of information<\/h6>\t\t\t\t<\/div>\n\t\t\t\t<\/div>\n\t\t\t\t<div class=\"elementor-element elementor-element-f1446cd elementor-widget elementor-widget-text-editor\" data-id=\"f1446cd\" data-element_type=\"widget\" data-e-type=\"widget\" data-widget_type=\"text-editor.default\">\n\t\t\t\t<div class=\"elementor-widget-container\">\n\t\t\t\t\t\t\t\t\t<p class=\"p1\">The processing of information stored in the customer registry is always confidential. The registrants do not hand over registry data to third parties for marketing or other purposes. MCS FInland Oy can use subcontractors to carry out tasks according to this statement. Certain information in the customer registry can be transferred outside the European Economic Area for technical reasons. Employees of MCS Finland Oy are bound by a duty of confidentiality.<\/p>\t\t\t\t\t\t\t\t<\/div>\n\t\t\t\t<\/div>\n\t\t\t\t<div class=\"elementor-element elementor-element-a34787b elementor-widget elementor-widget-heading\" data-id=\"a34787b\" data-element_type=\"widget\" data-e-type=\"widget\" data-widget_type=\"heading.default\">\n\t\t\t\t<div class=\"elementor-widget-container\">\n\t\t\t\t\t<h6 class=\"elementor-heading-title elementor-size-default\">10. Data retention period<\/h6>\t\t\t\t<\/div>\n\t\t\t\t<\/div>\n\t\t\t\t<div class=\"elementor-element elementor-element-0bd41af elementor-widget elementor-widget-text-editor\" data-id=\"0bd41af\" data-element_type=\"widget\" data-e-type=\"widget\" data-widget_type=\"text-editor.default\">\n\t\t\t\t<div class=\"elementor-widget-container\">\n\t\t\t\t\t\t\t\t\t<p class=\"p1\">Unless there are other statutory requirements, customer data will be removed from the registry when the customer relationship and related mutual obligations have ended.<\/p>\t\t\t\t\t\t\t\t<\/div>\n\t\t\t\t<\/div>\n\t\t\t\t<div class=\"elementor-element elementor-element-5d0329b elementor-widget elementor-widget-heading\" data-id=\"5d0329b\" data-element_type=\"widget\" data-e-type=\"widget\" data-widget_type=\"heading.default\">\n\t\t\t\t<div class=\"elementor-widget-container\">\n\t\t\t\t\t<h6 class=\"elementor-heading-title elementor-size-default\">11. Registry protection<\/h6>\t\t\t\t<\/div>\n\t\t\t\t<\/div>\n\t\t\t\t<div class=\"elementor-element elementor-element-e19036b elementor-widget elementor-widget-text-editor\" data-id=\"e19036b\" data-element_type=\"widget\" data-e-type=\"widget\" data-widget_type=\"text-editor.default\">\n\t\t\t\t<div class=\"elementor-widget-container\">\n\t\t\t\t\t\t\t\t\t<p class=\"p1\">Authorized customer registry managers maintain the registry's customer data. The information in the customer registry is protected by a password, access levels and roles. The information is located in an environment protected by appropriate information security software and technical arrangements.<\/p>\t\t\t\t\t\t\t\t<\/div>\n\t\t\t\t<\/div>\n\t\t\t\t<div class=\"elementor-element elementor-element-8199a0f elementor-widget elementor-widget-heading\" data-id=\"8199a0f\" data-element_type=\"widget\" data-e-type=\"widget\" data-widget_type=\"heading.default\">\n\t\t\t\t<div class=\"elementor-widget-container\">\n\t\t\t\t\t<h6 class=\"elementor-heading-title elementor-size-default\">12. The rights of the customer to customer data<\/h6>\t\t\t\t<\/div>\n\t\t\t\t<\/div>\n\t\t\t\t<div class=\"elementor-element elementor-element-22aae0b elementor-widget elementor-widget-text-editor\" data-id=\"22aae0b\" data-element_type=\"widget\" data-e-type=\"widget\" data-widget_type=\"text-editor.default\">\n\t\t\t\t<div class=\"elementor-widget-container\">\n\t\t\t\t\t\t\t\t\t<p class=\"p1\">The customer can check the information stored about them in the registry and demand the correction of incorrect information in the registry. The customer has the right to prohibit the use of their data for direct marketing, marketing research and related profiling, and to revoke the consents and permissions they have given. The customer can make the above-mentioned requests, prohibitions and cancellations by submitting them in writing, signed by the customer, to MCS Finland Oy's office. To ensure data protection, the customer must prove his identity when requested.<\/p>\t\t\t\t\t\t\t\t<\/div>\n\t\t\t\t<\/div>\n\t\t\t\t<div class=\"elementor-element elementor-element-749fa54 elementor-widget elementor-widget-heading\" data-id=\"749fa54\" data-element_type=\"widget\" data-e-type=\"widget\" data-widget_type=\"heading.default\">\n\t\t\t\t<div class=\"elementor-widget-container\">\n\t\t\t\t\t<h6 class=\"elementor-heading-title elementor-size-default\">13. Changes to the personal and data privacy policy statement<\/h6>\t\t\t\t<\/div>\n\t\t\t\t<\/div>\n\t\t\t\t<div class=\"elementor-element elementor-element-f3fadea elementor-widget elementor-widget-text-editor\" data-id=\"f3fadea\" data-element_type=\"widget\" data-e-type=\"widget\" data-widget_type=\"text-editor.default\">\n\t\t\t\t<div class=\"elementor-widget-container\">\n\t\t\t\t\t\t\t\t\t<p class=\"p1\">If this privacy policy changes, we will immediately update it on our website, where you will always find an up-to-date statement.<\/p><p class=\"p1\">26.08.2025<\/p>\t\t\t\t\t\t\t\t<\/div>\n\t\t\t\t<\/div>\n\t\t\t\t\t<\/div>\n\t\t\t\t<\/div>\n\t\t\t\t<\/div>","protected":false},"excerpt":{"rendered":"<p>Tietosuojaseloste T\u00e4m\u00e4 on MCS Finland Oy yleisen tietosuoja-asetuksen (GDPR) mukainen asiakasrekisteri- ja tietosuojaseloste. 1. Rekisterinpit\u00e4j\u00e4t MCS Finland Oy Y-tunnus: 3384618-4Hiihtokeskuksentie 2, 93400 Taivalkoski+358 44 750 9309info@taivalvaaraskiresort.fi 2. Rekisteriasioita hoitava henkil\u00f6 Carita ShemeikkaHiihtokeskuksentie 2, 93400 Taivalkoski+358 44 750 9309carita.shemeikka@taivalvaaraskiresorti.fi 3. Rekisterin nimi MCS Finland oy asiakasrekisteri 4. Rekisterin k\u00e4ytt\u00f6tarkoitus Asiakasrekisterin tarkoituksena on kehitt\u00e4\u00e4 ja parantaa Taivalvaara [&hellip;]<\/p>\n","protected":false},"author":2,"featured_media":0,"parent":0,"menu_order":0,"comment_status":"closed","ping_status":"closed","template":"","meta":{"footnotes":""},"class_list":["post-512","page","type-page","status-publish","hentry"],"yoast_head":"<!-- This site is optimized with the Yoast SEO plugin v27.4 - https:\/\/yoast.com\/product\/yoast-seo-wordpress\/ -->\n<title>Tietosuojaseloste - Taivalvaara<\/title>\n<meta name=\"robots\" content=\"index, follow, max-snippet:-1, max-image-preview:large, max-video-preview:-1\" \/>\n<link rel=\"canonical\" href=\"https:\/\/www.taivalvaaraskiresort.fi\/en\/tietosuojaseloste\/\" \/>\n<meta property=\"og:locale\" content=\"en_US\" \/>\n<meta property=\"og:type\" content=\"article\" \/>\n<meta property=\"og:title\" content=\"Tietosuojaseloste - Taivalvaara\" \/>\n<meta property=\"og:description\" content=\"Tietosuojaseloste T\u00e4m\u00e4 on MCS Finland Oy yleisen tietosuoja-asetuksen (GDPR) mukainen asiakasrekisteri- ja tietosuojaseloste. 1. Rekisterinpit\u00e4j\u00e4t MCS Finland Oy Y-tunnus: 3384618-4Hiihtokeskuksentie 2, 93400 Taivalkoski+358 44 750 9309info@taivalvaaraskiresort.fi 2. Rekisteriasioita hoitava henkil\u00f6 Carita ShemeikkaHiihtokeskuksentie 2, 93400 Taivalkoski+358 44 750 9309carita.shemeikka@taivalvaaraskiresorti.fi 3. Rekisterin nimi MCS Finland oy asiakasrekisteri 4. Rekisterin k\u00e4ytt\u00f6tarkoitus Asiakasrekisterin tarkoituksena on kehitt\u00e4\u00e4 ja parantaa Taivalvaara [&hellip;]\" \/>\n<meta property=\"og:url\" content=\"https:\/\/www.taivalvaaraskiresort.fi\/en\/tietosuojaseloste\/\" \/>\n<meta property=\"og:site_name\" content=\"Taivalvaara\" \/>\n<meta property=\"article:publisher\" content=\"https:\/\/www.facebook.com\/taivalvaaranhiihtokeskus\" \/>\n<meta property=\"article:modified_time\" content=\"2024-10-16T05:38:34+00:00\" \/>\n<meta name=\"twitter:card\" content=\"summary_large_image\" \/>\n<meta name=\"twitter:label1\" content=\"Est. reading time\" \/>\n\t<meta name=\"twitter:data1\" content=\"3 minuuttia\" \/>\n<script type=\"application\/ld+json\" class=\"yoast-schema-graph\">{\"@context\":\"https:\\\/\\\/schema.org\",\"@graph\":[{\"@type\":\"WebPage\",\"@id\":\"https:\\\/\\\/www.taivalvaaraskiresort.fi\\\/tietosuojaseloste\\\/\",\"url\":\"https:\\\/\\\/www.taivalvaaraskiresort.fi\\\/tietosuojaseloste\\\/\",\"name\":\"Tietosuojaseloste - Taivalvaara\",\"isPartOf\":{\"@id\":\"https:\\\/\\\/www.taivalvaaraskiresort.fi\\\/#website\"},\"datePublished\":\"2023-10-21T17:52:54+00:00\",\"dateModified\":\"2024-10-16T05:38:34+00:00\",\"breadcrumb\":{\"@id\":\"https:\\\/\\\/www.taivalvaaraskiresort.fi\\\/tietosuojaseloste\\\/#breadcrumb\"},\"inLanguage\":\"en-US\",\"potentialAction\":[{\"@type\":\"ReadAction\",\"target\":[\"https:\\\/\\\/www.taivalvaaraskiresort.fi\\\/tietosuojaseloste\\\/\"]}]},{\"@type\":\"BreadcrumbList\",\"@id\":\"https:\\\/\\\/www.taivalvaaraskiresort.fi\\\/tietosuojaseloste\\\/#breadcrumb\",\"itemListElement\":[{\"@type\":\"ListItem\",\"position\":1,\"name\":\"Etusivu\",\"item\":\"https:\\\/\\\/www.taivalvaaraskiresort.fi\\\/\"},{\"@type\":\"ListItem\",\"position\":2,\"name\":\"Tietosuojaseloste\"}]},{\"@type\":\"WebSite\",\"@id\":\"https:\\\/\\\/www.taivalvaaraskiresort.fi\\\/#website\",\"url\":\"https:\\\/\\\/www.taivalvaaraskiresort.fi\\\/\",\"name\":\"Taivalvaara\",\"description\":\"\",\"publisher\":{\"@id\":\"https:\\\/\\\/www.taivalvaaraskiresort.fi\\\/#organization\"},\"potentialAction\":[{\"@type\":\"SearchAction\",\"target\":{\"@type\":\"EntryPoint\",\"urlTemplate\":\"https:\\\/\\\/www.taivalvaaraskiresort.fi\\\/?s={search_term_string}\"},\"query-input\":{\"@type\":\"PropertyValueSpecification\",\"valueRequired\":true,\"valueName\":\"search_term_string\"}}],\"inLanguage\":\"en-US\"},{\"@type\":\"Organization\",\"@id\":\"https:\\\/\\\/www.taivalvaaraskiresort.fi\\\/#organization\",\"name\":\"Taivalvaara\",\"url\":\"https:\\\/\\\/www.taivalvaaraskiresort.fi\\\/\",\"logo\":{\"@type\":\"ImageObject\",\"inLanguage\":\"en-US\",\"@id\":\"https:\\\/\\\/www.taivalvaaraskiresort.fi\\\/#\\\/schema\\\/logo\\\/image\\\/\",\"url\":\"https:\\\/\\\/www.taivalvaaraskiresort.fi\\\/wp-content\\\/uploads\\\/2023\\\/10\\\/taivalvaara-logo-black.png\",\"contentUrl\":\"https:\\\/\\\/www.taivalvaaraskiresort.fi\\\/wp-content\\\/uploads\\\/2023\\\/10\\\/taivalvaara-logo-black.png\",\"width\":309,\"height\":96,\"caption\":\"Taivalvaara\"},\"image\":{\"@id\":\"https:\\\/\\\/www.taivalvaaraskiresort.fi\\\/#\\\/schema\\\/logo\\\/image\\\/\"},\"sameAs\":[\"https:\\\/\\\/www.facebook.com\\\/taivalvaaranhiihtokeskus\",\"https:\\\/\\\/www.instagram.com\\\/taivalvaaraskiresort\",\"https:\\\/\\\/www.tiktok.com\\\/@taivalvaaraskiresort\"]}]}<\/script>\n<!-- \/ Yoast SEO plugin. -->","yoast_head_json":{"title":"Tietosuojaseloste - Taivalvaara","robots":{"index":"index","follow":"follow","max-snippet":"max-snippet:-1","max-image-preview":"max-image-preview:large","max-video-preview":"max-video-preview:-1"},"canonical":"https:\/\/www.taivalvaaraskiresort.fi\/en\/tietosuojaseloste\/","og_locale":"en_US","og_type":"article","og_title":"Tietosuojaseloste - Taivalvaara","og_description":"Tietosuojaseloste T\u00e4m\u00e4 on MCS Finland Oy yleisen tietosuoja-asetuksen (GDPR) mukainen asiakasrekisteri- ja tietosuojaseloste. 1. Rekisterinpit\u00e4j\u00e4t MCS Finland Oy Y-tunnus: 3384618-4Hiihtokeskuksentie 2, 93400 Taivalkoski+358 44 750 9309info@taivalvaaraskiresort.fi 2. Rekisteriasioita hoitava henkil\u00f6 Carita ShemeikkaHiihtokeskuksentie 2, 93400 Taivalkoski+358 44 750 9309carita.shemeikka@taivalvaaraskiresorti.fi 3. Rekisterin nimi MCS Finland oy asiakasrekisteri 4. Rekisterin k\u00e4ytt\u00f6tarkoitus Asiakasrekisterin tarkoituksena on kehitt\u00e4\u00e4 ja parantaa Taivalvaara [&hellip;]","og_url":"https:\/\/www.taivalvaaraskiresort.fi\/en\/tietosuojaseloste\/","og_site_name":"Taivalvaara","article_publisher":"https:\/\/www.facebook.com\/taivalvaaranhiihtokeskus","article_modified_time":"2024-10-16T05:38:34+00:00","twitter_card":"summary_large_image","twitter_misc":{"Est. reading time":"3 minuuttia"},"schema":{"@context":"https:\/\/schema.org","@graph":[{"@type":"WebPage","@id":"https:\/\/www.taivalvaaraskiresort.fi\/tietosuojaseloste\/","url":"https:\/\/www.taivalvaaraskiresort.fi\/tietosuojaseloste\/","name":"Tietosuojaseloste - Taivalvaara","isPartOf":{"@id":"https:\/\/www.taivalvaaraskiresort.fi\/#website"},"datePublished":"2023-10-21T17:52:54+00:00","dateModified":"2024-10-16T05:38:34+00:00","breadcrumb":{"@id":"https:\/\/www.taivalvaaraskiresort.fi\/tietosuojaseloste\/#breadcrumb"},"inLanguage":"en-US","potentialAction":[{"@type":"ReadAction","target":["https:\/\/www.taivalvaaraskiresort.fi\/tietosuojaseloste\/"]}]},{"@type":"BreadcrumbList","@id":"https:\/\/www.taivalvaaraskiresort.fi\/tietosuojaseloste\/#breadcrumb","itemListElement":[{"@type":"ListItem","position":1,"name":"Etusivu","item":"https:\/\/www.taivalvaaraskiresort.fi\/"},{"@type":"ListItem","position":2,"name":"Tietosuojaseloste"}]},{"@type":"WebSite","@id":"https:\/\/www.taivalvaaraskiresort.fi\/#website","url":"https:\/\/www.taivalvaaraskiresort.fi\/","name":"Taivalvaara","description":"","publisher":{"@id":"https:\/\/www.taivalvaaraskiresort.fi\/#organization"},"potentialAction":[{"@type":"SearchAction","target":{"@type":"EntryPoint","urlTemplate":"https:\/\/www.taivalvaaraskiresort.fi\/?s={search_term_string}"},"query-input":{"@type":"PropertyValueSpecification","valueRequired":true,"valueName":"search_term_string"}}],"inLanguage":"en-US"},{"@type":"Organization","@id":"https:\/\/www.taivalvaaraskiresort.fi\/#organization","name":"Taivalvaara","url":"https:\/\/www.taivalvaaraskiresort.fi\/","logo":{"@type":"ImageObject","inLanguage":"en-US","@id":"https:\/\/www.taivalvaaraskiresort.fi\/#\/schema\/logo\/image\/","url":"https:\/\/www.taivalvaaraskiresort.fi\/wp-content\/uploads\/2023\/10\/taivalvaara-logo-black.png","contentUrl":"https:\/\/www.taivalvaaraskiresort.fi\/wp-content\/uploads\/2023\/10\/taivalvaara-logo-black.png","width":309,"height":96,"caption":"Taivalvaara"},"image":{"@id":"https:\/\/www.taivalvaaraskiresort.fi\/#\/schema\/logo\/image\/"},"sameAs":["https:\/\/www.facebook.com\/taivalvaaranhiihtokeskus","https:\/\/www.instagram.com\/taivalvaaraskiresort","https:\/\/www.tiktok.com\/@taivalvaaraskiresort"]}]}},"_links":{"self":[{"href":"https:\/\/www.taivalvaaraskiresort.fi\/en\/wp-json\/wp\/v2\/pages\/512","targetHints":{"allow":["GET"]}}],"collection":[{"href":"https:\/\/www.taivalvaaraskiresort.fi\/en\/wp-json\/wp\/v2\/pages"}],"about":[{"href":"https:\/\/www.taivalvaaraskiresort.fi\/en\/wp-json\/wp\/v2\/types\/page"}],"author":[{"embeddable":true,"href":"https:\/\/www.taivalvaaraskiresort.fi\/en\/wp-json\/wp\/v2\/users\/2"}],"replies":[{"embeddable":true,"href":"https:\/\/www.taivalvaaraskiresort.fi\/en\/wp-json\/wp\/v2\/comments?post=512"}],"version-history":[{"count":58,"href":"https:\/\/www.taivalvaaraskiresort.fi\/en\/wp-json\/wp\/v2\/pages\/512\/revisions"}],"predecessor-version":[{"id":4373,"href":"https:\/\/www.taivalvaaraskiresort.fi\/en\/wp-json\/wp\/v2\/pages\/512\/revisions\/4373"}],"wp:attachment":[{"href":"https:\/\/www.taivalvaaraskiresort.fi\/en\/wp-json\/wp\/v2\/media?parent=512"}],"curies":[{"name":"wp","href":"https:\/\/api.w.org\/{rel}","templated":true}]}}